{"id":470,"date":"2020-06-15T07:10:22","date_gmt":"2020-06-15T12:10:22","guid":{"rendered":"https:\/\/musicrightsclearance.com\/contact\/"},"modified":"2024-03-11T10:33:25","modified_gmt":"2024-03-11T15:33:25","slug":"team","status":"publish","type":"page","link":"https:\/\/musicrightsclearance.com\/en\/team\/","title":{"rendered":"Our Team"},"content":{"rendered":"","protected":false},"excerpt":{"rendered":"","protected":false},"author":1,"featured_media":471,"parent":0,"menu_order":0,"comment_status":"closed","ping_status":"closed","template":"pge-contact.php","meta":{"_acf_changed":false,"footnotes":""},"class_list":["post-470","page","type-page","status-publish","has-post-thumbnail","hentry"],"acf":[],"yoast_head":"<!-- This site is optimized with the Yoast SEO plugin v25.6 - https:\/\/yoast.com\/wordpress\/plugins\/seo\/ -->\n<title>Our Team - Music Rights Clearance<\/title>\n<meta name=\"description\" content=\"Discover the team: experts who negotiate, clear and license the best music for your projects.\" \/>\n<meta name=\"robots\" content=\"index, follow, max-snippet:-1, max-image-preview:large, max-video-preview:-1\" \/>\n<link rel=\"canonical\" href=\"https:\/\/musicrightsclearance.com\/en\/team\/\" \/>\n<meta property=\"og:locale\" content=\"en_US\" \/>\n<meta property=\"og:type\" content=\"article\" \/>\n<meta property=\"og:title\" content=\"Our Team - Music Rights Clearance\" \/>\n<meta property=\"og:description\" content=\"Discover the team: experts who negotiate, clear and license the best music for your projects.\" \/>\n<meta property=\"og:url\" content=\"https:\/\/musicrightsclearance.com\/en\/team\/\" \/>\n<meta property=\"og:site_name\" content=\"Music Rights Clearance\" \/>\n<meta property=\"article:publisher\" content=\"https:\/\/www.facebook.com\/MusicRightsClearanceInc\" \/>\n<meta property=\"article:modified_time\" content=\"2024-03-11T15:33:25+00:00\" \/>\n<meta property=\"og:image\" content=\"https:\/\/musicrightsclearance.com\/wp-content\/uploads\/2020\/06\/top-bg.png\" \/>\n\t<meta property=\"og:image:width\" content=\"1593\" \/>\n\t<meta property=\"og:image:height\" content=\"343\" \/>\n\t<meta property=\"og:image:type\" content=\"image\/png\" \/>\n<meta name=\"twitter:card\" content=\"summary_large_image\" \/>\n<meta name=\"twitter:site\" content=\"@clearancemusic\" \/>\n<script type=\"application\/ld+json\" class=\"yoast-schema-graph\">{\"@context\":\"https:\/\/schema.org\",\"@graph\":[{\"@type\":\"WebPage\",\"@id\":\"https:\/\/musicrightsclearance.com\/en\/team\/\",\"url\":\"https:\/\/musicrightsclearance.com\/en\/team\/\",\"name\":\"Our Team - Music Rights Clearance\",\"isPartOf\":{\"@id\":\"https:\/\/musicrightsclearance.com\/en\/#website\"},\"primaryImageOfPage\":{\"@id\":\"https:\/\/musicrightsclearance.com\/en\/team\/#primaryimage\"},\"image\":{\"@id\":\"https:\/\/musicrightsclearance.com\/en\/team\/#primaryimage\"},\"thumbnailUrl\":\"https:\/\/musicrightsclearance.com\/wp-content\/uploads\/2020\/06\/top-bg.png\",\"datePublished\":\"2020-06-15T12:10:22+00:00\",\"dateModified\":\"2024-03-11T15:33:25+00:00\",\"description\":\"Discover the team: experts who negotiate, clear and license the best music for your projects.\",\"breadcrumb\":{\"@id\":\"https:\/\/musicrightsclearance.com\/en\/team\/#breadcrumb\"},\"inLanguage\":\"en-US\",\"potentialAction\":[{\"@type\":\"ReadAction\",\"target\":[\"https:\/\/musicrightsclearance.com\/en\/team\/\"]}]},{\"@type\":\"ImageObject\",\"inLanguage\":\"en-US\",\"@id\":\"https:\/\/musicrightsclearance.com\/en\/team\/#primaryimage\",\"url\":\"https:\/\/musicrightsclearance.com\/wp-content\/uploads\/2020\/06\/top-bg.png\",\"contentUrl\":\"https:\/\/musicrightsclearance.com\/wp-content\/uploads\/2020\/06\/top-bg.png\",\"width\":1593,\"height\":343,\"caption\":\"Le meilleur de l'actualit\u00e9 en lib\u00e9ration de droits musicales pour la publicit\u00e9\"},{\"@type\":\"BreadcrumbList\",\"@id\":\"https:\/\/musicrightsclearance.com\/en\/team\/#breadcrumb\",\"itemListElement\":[{\"@type\":\"ListItem\",\"position\":1,\"name\":\"Home\",\"item\":\"https:\/\/musicrightsclearance.com\/en\/\"},{\"@type\":\"ListItem\",\"position\":2,\"name\":\"Our Team\"}]},{\"@type\":\"WebSite\",\"@id\":\"https:\/\/musicrightsclearance.com\/en\/#website\",\"url\":\"https:\/\/musicrightsclearance.com\/en\/\",\"name\":\"Music Rights Clearance\",\"description\":\"Nous lib\u00e9rons les droits des chansons rapidement et au meilleur tarif\",\"publisher\":{\"@id\":\"https:\/\/musicrightsclearance.com\/en\/#organization\"},\"potentialAction\":[{\"@type\":\"SearchAction\",\"target\":{\"@type\":\"EntryPoint\",\"urlTemplate\":\"https:\/\/musicrightsclearance.com\/en\/?s={search_term_string}\"},\"query-input\":{\"@type\":\"PropertyValueSpecification\",\"valueRequired\":true,\"valueName\":\"search_term_string\"}}],\"inLanguage\":\"en-US\"},{\"@type\":\"Organization\",\"@id\":\"https:\/\/musicrightsclearance.com\/en\/#organization\",\"name\":\"Music Rights Clearance\",\"url\":\"https:\/\/musicrightsclearance.com\/en\/\",\"logo\":{\"@type\":\"ImageObject\",\"inLanguage\":\"en-US\",\"@id\":\"https:\/\/musicrightsclearance.com\/en\/#\/schema\/logo\/image\/\",\"url\":\"https:\/\/musicrightsclearance.com\/wp-content\/uploads\/2020\/06\/logo.png\",\"contentUrl\":\"https:\/\/musicrightsclearance.com\/wp-content\/uploads\/2020\/06\/logo.png\",\"width\":147,\"height\":130,\"caption\":\"Music Rights Clearance\"},\"image\":{\"@id\":\"https:\/\/musicrightsclearance.com\/en\/#\/schema\/logo\/image\/\"},\"sameAs\":[\"https:\/\/www.facebook.com\/MusicRightsClearanceInc\",\"https:\/\/x.com\/clearancemusic\",\"https:\/\/www.linkedin.com\/company\/musicrightsclearance\"]}]}<\/script>\n<!-- \/ Yoast SEO plugin. -->","yoast_head_json":{"title":"Our Team - Music Rights Clearance","description":"Discover the team: experts who negotiate, clear and license the best music for your projects.","robots":{"index":"index","follow":"follow","max-snippet":"max-snippet:-1","max-image-preview":"max-image-preview:large","max-video-preview":"max-video-preview:-1"},"canonical":"https:\/\/musicrightsclearance.com\/en\/team\/","og_locale":"en_US","og_type":"article","og_title":"Our Team - Music Rights Clearance","og_description":"Discover the team: experts who negotiate, clear and license the best music for your projects.","og_url":"https:\/\/musicrightsclearance.com\/en\/team\/","og_site_name":"Music Rights Clearance","article_publisher":"https:\/\/www.facebook.com\/MusicRightsClearanceInc","article_modified_time":"2024-03-11T15:33:25+00:00","og_image":[{"width":1593,"height":343,"url":"https:\/\/musicrightsclearance.com\/wp-content\/uploads\/2020\/06\/top-bg.png","type":"image\/png"}],"twitter_card":"summary_large_image","twitter_site":"@clearancemusic","schema":{"@context":"https:\/\/schema.org","@graph":[{"@type":"WebPage","@id":"https:\/\/musicrightsclearance.com\/en\/team\/","url":"https:\/\/musicrightsclearance.com\/en\/team\/","name":"Our Team - Music Rights Clearance","isPartOf":{"@id":"https:\/\/musicrightsclearance.com\/en\/#website"},"primaryImageOfPage":{"@id":"https:\/\/musicrightsclearance.com\/en\/team\/#primaryimage"},"image":{"@id":"https:\/\/musicrightsclearance.com\/en\/team\/#primaryimage"},"thumbnailUrl":"https:\/\/musicrightsclearance.com\/wp-content\/uploads\/2020\/06\/top-bg.png","datePublished":"2020-06-15T12:10:22+00:00","dateModified":"2024-03-11T15:33:25+00:00","description":"Discover the team: experts who negotiate, clear and license the best music for your projects.","breadcrumb":{"@id":"https:\/\/musicrightsclearance.com\/en\/team\/#breadcrumb"},"inLanguage":"en-US","potentialAction":[{"@type":"ReadAction","target":["https:\/\/musicrightsclearance.com\/en\/team\/"]}]},{"@type":"ImageObject","inLanguage":"en-US","@id":"https:\/\/musicrightsclearance.com\/en\/team\/#primaryimage","url":"https:\/\/musicrightsclearance.com\/wp-content\/uploads\/2020\/06\/top-bg.png","contentUrl":"https:\/\/musicrightsclearance.com\/wp-content\/uploads\/2020\/06\/top-bg.png","width":1593,"height":343,"caption":"Le meilleur de l'actualit\u00e9 en lib\u00e9ration de droits musicales pour la publicit\u00e9"},{"@type":"BreadcrumbList","@id":"https:\/\/musicrightsclearance.com\/en\/team\/#breadcrumb","itemListElement":[{"@type":"ListItem","position":1,"name":"Home","item":"https:\/\/musicrightsclearance.com\/en\/"},{"@type":"ListItem","position":2,"name":"Our Team"}]},{"@type":"WebSite","@id":"https:\/\/musicrightsclearance.com\/en\/#website","url":"https:\/\/musicrightsclearance.com\/en\/","name":"Music Rights Clearance","description":"Nous lib\u00e9rons les droits des chansons rapidement et au meilleur tarif","publisher":{"@id":"https:\/\/musicrightsclearance.com\/en\/#organization"},"potentialAction":[{"@type":"SearchAction","target":{"@type":"EntryPoint","urlTemplate":"https:\/\/musicrightsclearance.com\/en\/?s={search_term_string}"},"query-input":{"@type":"PropertyValueSpecification","valueRequired":true,"valueName":"search_term_string"}}],"inLanguage":"en-US"},{"@type":"Organization","@id":"https:\/\/musicrightsclearance.com\/en\/#organization","name":"Music Rights Clearance","url":"https:\/\/musicrightsclearance.com\/en\/","logo":{"@type":"ImageObject","inLanguage":"en-US","@id":"https:\/\/musicrightsclearance.com\/en\/#\/schema\/logo\/image\/","url":"https:\/\/musicrightsclearance.com\/wp-content\/uploads\/2020\/06\/logo.png","contentUrl":"https:\/\/musicrightsclearance.com\/wp-content\/uploads\/2020\/06\/logo.png","width":147,"height":130,"caption":"Music Rights Clearance"},"image":{"@id":"https:\/\/musicrightsclearance.com\/en\/#\/schema\/logo\/image\/"},"sameAs":["https:\/\/www.facebook.com\/MusicRightsClearanceInc","https:\/\/x.com\/clearancemusic","https:\/\/www.linkedin.com\/company\/musicrightsclearance"]}]}},"_links":{"self":[{"href":"https:\/\/musicrightsclearance.com\/en\/wp-json\/wp\/v2\/pages\/470"}],"collection":[{"href":"https:\/\/musicrightsclearance.com\/en\/wp-json\/wp\/v2\/pages"}],"about":[{"href":"https:\/\/musicrightsclearance.com\/en\/wp-json\/wp\/v2\/types\/page"}],"author":[{"embeddable":true,"href":"https:\/\/musicrightsclearance.com\/en\/wp-json\/wp\/v2\/users\/1"}],"replies":[{"embeddable":true,"href":"https:\/\/musicrightsclearance.com\/en\/wp-json\/wp\/v2\/comments?post=470"}],"version-history":[{"count":7,"href":"https:\/\/musicrightsclearance.com\/en\/wp-json\/wp\/v2\/pages\/470\/revisions"}],"predecessor-version":[{"id":2354,"href":"https:\/\/musicrightsclearance.com\/en\/wp-json\/wp\/v2\/pages\/470\/revisions\/2354"}],"wp:featuredmedia":[{"embeddable":true,"href":"https:\/\/musicrightsclearance.com\/en\/wp-json\/wp\/v2\/media\/471"}],"wp:attachment":[{"href":"https:\/\/musicrightsclearance.com\/en\/wp-json\/wp\/v2\/media?parent=470"}],"curies":[{"name":"wp","href":"https:\/\/api.w.org\/{rel}","templated":true}]}}