{"id":476,"date":"2020-06-15T07:09:31","date_gmt":"2020-06-15T07:09:31","guid":{"rendered":"https:\/\/musicrightsclearance.com\/services\/"},"modified":"2025-10-29T14:03:35","modified_gmt":"2025-10-29T19:03:35","slug":"services","status":"publish","type":"page","link":"https:\/\/musicrightsclearance.com\/en\/services\/","title":{"rendered":"Services"},"content":{"rendered":"","protected":false},"excerpt":{"rendered":"","protected":false},"author":1,"featured_media":471,"parent":0,"menu_order":0,"comment_status":"closed","ping_status":"closed","template":"pge-services.php","meta":{"_acf_changed":false,"footnotes":""},"class_list":["post-476","page","type-page","status-publish","has-post-thumbnail","hentry"],"acf":[],"yoast_head":"<!-- This site is optimized with the Yoast SEO plugin v25.6 - https:\/\/yoast.com\/wordpress\/plugins\/seo\/ -->\n<title>Music Rights Clearance - Music Supervision Services<\/title>\n<meta name=\"description\" content=\"Get permission to use a song. Discover our music search services: licensing, negotiations, re-recording and original music recording.\" \/>\n<meta name=\"robots\" content=\"index, follow, max-snippet:-1, max-image-preview:large, max-video-preview:-1\" \/>\n<link rel=\"canonical\" href=\"https:\/\/musicrightsclearance.com\/en\/services\/\" \/>\n<meta property=\"og:locale\" content=\"en_US\" \/>\n<meta property=\"og:type\" content=\"article\" \/>\n<meta property=\"og:title\" content=\"Music Rights Clearance - Music Supervision Services\" \/>\n<meta property=\"og:description\" content=\"License the best music. Get the rights to a famous tune or get the perfect song for your project, in a heartbeat.\" \/>\n<meta property=\"og:url\" content=\"https:\/\/musicrightsclearance.com\/en\/services\/\" \/>\n<meta property=\"og:site_name\" content=\"Music Rights Clearance\" \/>\n<meta property=\"article:publisher\" content=\"https:\/\/www.facebook.com\/MusicRightsClearanceInc\" \/>\n<meta property=\"article:modified_time\" content=\"2025-10-29T19:03:35+00:00\" \/>\n<meta property=\"og:image\" content=\"https:\/\/musicrightsclearance.com\/wp-content\/uploads\/2020\/06\/top-bg.png\" \/>\n\t<meta property=\"og:image:width\" content=\"1593\" \/>\n\t<meta property=\"og:image:height\" content=\"343\" \/>\n\t<meta property=\"og:image:type\" content=\"image\/png\" \/>\n<meta name=\"twitter:card\" content=\"summary_large_image\" \/>\n<meta name=\"twitter:description\" content=\"MRC license the best music, instantly.\" \/>\n<meta name=\"twitter:site\" content=\"@clearancemusic\" \/>\n<script type=\"application\/ld+json\" class=\"yoast-schema-graph\">{\"@context\":\"https:\/\/schema.org\",\"@graph\":[{\"@type\":\"WebPage\",\"@id\":\"https:\/\/musicrightsclearance.com\/en\/services\/\",\"url\":\"https:\/\/musicrightsclearance.com\/en\/services\/\",\"name\":\"Music Rights Clearance - Music Supervision Services\",\"isPartOf\":{\"@id\":\"https:\/\/musicrightsclearance.com\/en\/#website\"},\"primaryImageOfPage\":{\"@id\":\"https:\/\/musicrightsclearance.com\/en\/services\/#primaryimage\"},\"image\":{\"@id\":\"https:\/\/musicrightsclearance.com\/en\/services\/#primaryimage\"},\"thumbnailUrl\":\"https:\/\/musicrightsclearance.com\/wp-content\/uploads\/2020\/06\/top-bg.png\",\"datePublished\":\"2020-06-15T07:09:31+00:00\",\"dateModified\":\"2025-10-29T19:03:35+00:00\",\"description\":\"Get permission to use a song. Discover our music search services: licensing, negotiations, re-recording and original music recording.\",\"breadcrumb\":{\"@id\":\"https:\/\/musicrightsclearance.com\/en\/services\/#breadcrumb\"},\"inLanguage\":\"en-US\",\"potentialAction\":[{\"@type\":\"ReadAction\",\"target\":[\"https:\/\/musicrightsclearance.com\/en\/services\/\"]}]},{\"@type\":\"ImageObject\",\"inLanguage\":\"en-US\",\"@id\":\"https:\/\/musicrightsclearance.com\/en\/services\/#primaryimage\",\"url\":\"https:\/\/musicrightsclearance.com\/wp-content\/uploads\/2020\/06\/top-bg.png\",\"contentUrl\":\"https:\/\/musicrightsclearance.com\/wp-content\/uploads\/2020\/06\/top-bg.png\",\"width\":1593,\"height\":343,\"caption\":\"Le meilleur de l'actualit\u00e9 en lib\u00e9ration de droits musicales pour la publicit\u00e9\"},{\"@type\":\"BreadcrumbList\",\"@id\":\"https:\/\/musicrightsclearance.com\/en\/services\/#breadcrumb\",\"itemListElement\":[{\"@type\":\"ListItem\",\"position\":1,\"name\":\"Home\",\"item\":\"https:\/\/musicrightsclearance.com\/en\/\"},{\"@type\":\"ListItem\",\"position\":2,\"name\":\"Services\"}]},{\"@type\":\"WebSite\",\"@id\":\"https:\/\/musicrightsclearance.com\/en\/#website\",\"url\":\"https:\/\/musicrightsclearance.com\/en\/\",\"name\":\"Music Rights Clearance\",\"description\":\"Nous lib\u00e9rons les droits des chansons rapidement et au meilleur tarif\",\"publisher\":{\"@id\":\"https:\/\/musicrightsclearance.com\/en\/#organization\"},\"potentialAction\":[{\"@type\":\"SearchAction\",\"target\":{\"@type\":\"EntryPoint\",\"urlTemplate\":\"https:\/\/musicrightsclearance.com\/en\/?s={search_term_string}\"},\"query-input\":{\"@type\":\"PropertyValueSpecification\",\"valueRequired\":true,\"valueName\":\"search_term_string\"}}],\"inLanguage\":\"en-US\"},{\"@type\":\"Organization\",\"@id\":\"https:\/\/musicrightsclearance.com\/en\/#organization\",\"name\":\"Music Rights Clearance\",\"url\":\"https:\/\/musicrightsclearance.com\/en\/\",\"logo\":{\"@type\":\"ImageObject\",\"inLanguage\":\"en-US\",\"@id\":\"https:\/\/musicrightsclearance.com\/en\/#\/schema\/logo\/image\/\",\"url\":\"https:\/\/musicrightsclearance.com\/wp-content\/uploads\/2020\/06\/logo.png\",\"contentUrl\":\"https:\/\/musicrightsclearance.com\/wp-content\/uploads\/2020\/06\/logo.png\",\"width\":147,\"height\":130,\"caption\":\"Music Rights Clearance\"},\"image\":{\"@id\":\"https:\/\/musicrightsclearance.com\/en\/#\/schema\/logo\/image\/\"},\"sameAs\":[\"https:\/\/www.facebook.com\/MusicRightsClearanceInc\",\"https:\/\/x.com\/clearancemusic\",\"https:\/\/www.linkedin.com\/company\/musicrightsclearance\"]}]}<\/script>\n<!-- \/ Yoast SEO plugin. -->","yoast_head_json":{"title":"Music Rights Clearance - Music Supervision Services","description":"Get permission to use a song. Discover our music search services: licensing, negotiations, re-recording and original music recording.","robots":{"index":"index","follow":"follow","max-snippet":"max-snippet:-1","max-image-preview":"max-image-preview:large","max-video-preview":"max-video-preview:-1"},"canonical":"https:\/\/musicrightsclearance.com\/en\/services\/","og_locale":"en_US","og_type":"article","og_title":"Music Rights Clearance - Music Supervision Services","og_description":"License the best music. Get the rights to a famous tune or get the perfect song for your project, in a heartbeat.","og_url":"https:\/\/musicrightsclearance.com\/en\/services\/","og_site_name":"Music Rights Clearance","article_publisher":"https:\/\/www.facebook.com\/MusicRightsClearanceInc","article_modified_time":"2025-10-29T19:03:35+00:00","og_image":[{"width":1593,"height":343,"url":"https:\/\/musicrightsclearance.com\/wp-content\/uploads\/2020\/06\/top-bg.png","type":"image\/png"}],"twitter_card":"summary_large_image","twitter_description":"MRC license the best music, instantly.","twitter_site":"@clearancemusic","schema":{"@context":"https:\/\/schema.org","@graph":[{"@type":"WebPage","@id":"https:\/\/musicrightsclearance.com\/en\/services\/","url":"https:\/\/musicrightsclearance.com\/en\/services\/","name":"Music Rights Clearance - Music Supervision Services","isPartOf":{"@id":"https:\/\/musicrightsclearance.com\/en\/#website"},"primaryImageOfPage":{"@id":"https:\/\/musicrightsclearance.com\/en\/services\/#primaryimage"},"image":{"@id":"https:\/\/musicrightsclearance.com\/en\/services\/#primaryimage"},"thumbnailUrl":"https:\/\/musicrightsclearance.com\/wp-content\/uploads\/2020\/06\/top-bg.png","datePublished":"2020-06-15T07:09:31+00:00","dateModified":"2025-10-29T19:03:35+00:00","description":"Get permission to use a song. Discover our music search services: licensing, negotiations, re-recording and original music recording.","breadcrumb":{"@id":"https:\/\/musicrightsclearance.com\/en\/services\/#breadcrumb"},"inLanguage":"en-US","potentialAction":[{"@type":"ReadAction","target":["https:\/\/musicrightsclearance.com\/en\/services\/"]}]},{"@type":"ImageObject","inLanguage":"en-US","@id":"https:\/\/musicrightsclearance.com\/en\/services\/#primaryimage","url":"https:\/\/musicrightsclearance.com\/wp-content\/uploads\/2020\/06\/top-bg.png","contentUrl":"https:\/\/musicrightsclearance.com\/wp-content\/uploads\/2020\/06\/top-bg.png","width":1593,"height":343,"caption":"Le meilleur de l'actualit\u00e9 en lib\u00e9ration de droits musicales pour la publicit\u00e9"},{"@type":"BreadcrumbList","@id":"https:\/\/musicrightsclearance.com\/en\/services\/#breadcrumb","itemListElement":[{"@type":"ListItem","position":1,"name":"Home","item":"https:\/\/musicrightsclearance.com\/en\/"},{"@type":"ListItem","position":2,"name":"Services"}]},{"@type":"WebSite","@id":"https:\/\/musicrightsclearance.com\/en\/#website","url":"https:\/\/musicrightsclearance.com\/en\/","name":"Music Rights Clearance","description":"Nous lib\u00e9rons les droits des chansons rapidement et au meilleur tarif","publisher":{"@id":"https:\/\/musicrightsclearance.com\/en\/#organization"},"potentialAction":[{"@type":"SearchAction","target":{"@type":"EntryPoint","urlTemplate":"https:\/\/musicrightsclearance.com\/en\/?s={search_term_string}"},"query-input":{"@type":"PropertyValueSpecification","valueRequired":true,"valueName":"search_term_string"}}],"inLanguage":"en-US"},{"@type":"Organization","@id":"https:\/\/musicrightsclearance.com\/en\/#organization","name":"Music Rights Clearance","url":"https:\/\/musicrightsclearance.com\/en\/","logo":{"@type":"ImageObject","inLanguage":"en-US","@id":"https:\/\/musicrightsclearance.com\/en\/#\/schema\/logo\/image\/","url":"https:\/\/musicrightsclearance.com\/wp-content\/uploads\/2020\/06\/logo.png","contentUrl":"https:\/\/musicrightsclearance.com\/wp-content\/uploads\/2020\/06\/logo.png","width":147,"height":130,"caption":"Music Rights Clearance"},"image":{"@id":"https:\/\/musicrightsclearance.com\/en\/#\/schema\/logo\/image\/"},"sameAs":["https:\/\/www.facebook.com\/MusicRightsClearanceInc","https:\/\/x.com\/clearancemusic","https:\/\/www.linkedin.com\/company\/musicrightsclearance"]}]}},"_links":{"self":[{"href":"https:\/\/musicrightsclearance.com\/en\/wp-json\/wp\/v2\/pages\/476"}],"collection":[{"href":"https:\/\/musicrightsclearance.com\/en\/wp-json\/wp\/v2\/pages"}],"about":[{"href":"https:\/\/musicrightsclearance.com\/en\/wp-json\/wp\/v2\/types\/page"}],"author":[{"embeddable":true,"href":"https:\/\/musicrightsclearance.com\/en\/wp-json\/wp\/v2\/users\/1"}],"replies":[{"embeddable":true,"href":"https:\/\/musicrightsclearance.com\/en\/wp-json\/wp\/v2\/comments?post=476"}],"version-history":[{"count":27,"href":"https:\/\/musicrightsclearance.com\/en\/wp-json\/wp\/v2\/pages\/476\/revisions"}],"predecessor-version":[{"id":2793,"href":"https:\/\/musicrightsclearance.com\/en\/wp-json\/wp\/v2\/pages\/476\/revisions\/2793"}],"wp:featuredmedia":[{"embeddable":true,"href":"https:\/\/musicrightsclearance.com\/en\/wp-json\/wp\/v2\/media\/471"}],"wp:attachment":[{"href":"https:\/\/musicrightsclearance.com\/en\/wp-json\/wp\/v2\/media?parent=476"}],"curies":[{"name":"wp","href":"https:\/\/api.w.org\/{rel}","templated":true}]}}